{"id":2726,"date":"2022-10-21T12:16:22","date_gmt":"2022-10-21T18:16:22","guid":{"rendered":"https:\/\/www.granduniverselaresidenza.com\/?page_id=2726"},"modified":"2024-04-25T19:56:00","modified_gmt":"2024-04-25T17:56:00","slug":"terms-of-service","status":"publish","type":"page","link":"https:\/\/www.granduniverselaresidenza.com\/it\/terms-of-service\/","title":{"rendered":"Termini di servizio"},"content":{"rendered":"<div class=\"wpb-content-wrapper\"><div class=\"vc_row wpb_row\"><div class=\"container\"><div class=\"wpb_column vc_column_container vc_col-sm-12\"><div class=\"vc_column-inner\"><div class=\"wpb_wrapper\">\n\t<div class=\"wpb_text_column wpb_content_element  mb0\" >\n\t\t<div class=\"wpb_wrapper\">\n\t\t\t<h2>Termini di servizio\/Termini di utilizzo<\/h2>\n<p>Data di entrata in vigore: 1\u00b0 gennaio 2024<\/p>\n<p>Si prega di leggere attentamente i presenti termini di servizio (\"termini\", \"termini di servizio\") prima di utilizzare il sito web\nil sito web https:\/\/www.granduniverselaresidenza.com\/ (il \"servizio\") gestito da\nGrand Universe La Residenza (\"noi\", \"ci\", \"nostro\").<\/p>\n<h5>CONDIZIONI DI UTILIZZO<\/h5>\n<p>Vi forniremo i loro servizi, che sono soggetti alle condizioni indicate di seguito in questo documento. Ogni volta che visitate questo sito web, utilizzate i suoi servizi o effettuate un acquisto, accettate le seguenti condizioni. Per questo motivo vi invitiamo a leggerle attentamente.<\/p>\n<h5>INFORMATIVA SULLA PRIVACY<\/h5>\n<p>Prima di continuare ad utilizzare il nostro sito web, vi consigliamo di leggere la nostra <a href=\"\/it\/privacy-policy\/\">Informativa sulla privacy<\/a> in merito alla raccolta dei dati degli utenti. Questo vi aiuter\u00e0 a comprendere meglio le nostre pratiche.<\/p>\n<h5>COPYRIGHT<\/h5>\n<p>I contenuti pubblicati su questo sito (download digitali, immagini, testi, grafica, loghi) sono di propriet\u00e0 di\nGrand Universe La Residenza e\/o dei suoi creatori e sono protetti dalle leggi internazionali sul copyright. L'intera compilazione dei contenuti presenti in questo sito web \u00e8 di esclusiva propriet\u00e0 di\nGrand Universe La Residenza, e la paternit\u00e0 di questa compilazione \u00e8 di\nGrand Universe La Residenza.<\/p>\n<h5>COMUNICAZIONI<\/h5>\n<p>L'intera comunicazione con noi \u00e8 elettronica. Ogni volta che ci inviate un'e-mail o visitate il nostro sito web, state comunicando con noi. Con la presente acconsentite a ricevere comunicazioni da parte nostra. Se vi iscrivete alle notizie sul nostro sito web, riceverete regolarmente delle e-mail da parte nostra. Continueremo a comunicare con voi pubblicando notizie e avvisi sul nostro sito web e inviandovi e-mail. Accettate inoltre che tutti gli avvisi, le divulgazioni, gli accordi e le altre comunicazioni che vi forniamo elettronicamente soddisfino i requisiti legali che prevedono la forma scritta di tali comunicazioni.<\/p>\n<h5>LEGGE APPLICABILE<\/h5>\n<p>Visitando questo sito web, l'utente accetta che le leggi dello stato in cui opera\nin cui opera Grand Universe La Residenza, senza tener conto dei principi di conflitto di leggi, regoleranno i presenti termini di servizio, o qualsiasi controversia di qualsiasi tipo che potrebbe insorgere tra\nGrand Universe La Residenza e l'utente, o i suoi partner commerciali e associati.<\/p>\n<h5>CONTROVERSIE<\/h5>\n<p>Qualsiasi controversia relativa in qualsiasi modo alla vostra visita a questo sito web o ai prodotti che acquistate da noi sar\u00e0 arbitrata da un tribunale statale o federale dello stato in cui Grand Universe La Residenza opera.\nGrand Universe La Residenza e l'utente acconsente alla giurisdizione esclusiva di tali tribunali.<\/p>\n<h5>COMMENTI, RECENSIONI ED E-MAIL<\/h5>\n<p>I visitatori possono pubblicare contenuti a condizione che non siano osceni, illegali, diffamatori, minacciosi, violino i diritti di propriet\u00e0 intellettuale, invadano la privacy o danneggino in altro modo terze parti. I contenuti devono essere privi di virus software, campagne politiche e sollecitazioni commerciali.<\/p>\n<p>Ci riserviamo tutti i diritti (ma non l'obbligo) di rimuovere e\/o modificare tali contenuti. Quando pubblicate i vostri contenuti, concedete a\nGrand Universe La Residenza il diritto non esclusivo, gratuito e irrevocabile di utilizzare, riprodurre, pubblicare e modificare tali contenuti in tutto il mondo e su qualsiasi supporto.<\/p>\n<h5>LICENZA E ACCESSO AL SITO<\/h5>\n<p>Vi concediamo una licenza limitata per l'accesso e l'uso personale di questo sito web. Non \u00e8 consentito scaricarlo o modificarlo. Ci\u00f2 pu\u00f2 essere fatto solo con il nostro consenso scritto.<\/p>\n<h5>ACCOUNT UTENTE<\/h5>\n<p>Se siete proprietari di un account su questo sito web, siete gli unici responsabili del mantenimento della riservatezza dei vostri dati utente privati (nome utente e password). L'utente \u00e8 responsabile di tutte le attivit\u00e0 svolte con il proprio account o password.<\/p>\n<p>Ci riserviamo tutti i diritti di chiudere gli account, modificare o rimuovere i contenuti e annullare gli ordini a propria discrezione.<\/p>\n\n\t\t<\/div>\n\t<\/div>\n<\/div><\/div><\/div><\/div><\/div>\n<\/div>","protected":false},"excerpt":{"rendered":"Termini di servizio\/Termini di utilizzo Data di entrata in vigore: 1 gennaio 2024 Si prega di leggere attentamente i presenti termini di servizio (\"termini\", \"termini di servizio\") prima di utilizzare il sito web https:\/\/www.granduniverselaresidenza.com\/ (il \"servizio\") gestito da Grand Universe La Residenza (\"noi\", \"ci\", \"nostro\"). CONDIZIONI D'USO Vi forniremo i nostri servizi, che sono soggetti alle condizioni indicate di seguito... <a class=\"more-link\" href=\"https:\/\/www.granduniverselaresidenza.com\/it\/terms-of-service\/\">Continua a leggere <span class=\"screen-reader-text\">Termini di servizio<\/span><\/a>","protected":false},"author":1,"featured_media":0,"parent":0,"menu_order":0,"comment_status":"closed","ping_status":"closed","template":"","meta":{"_acf_changed":false,"om_disable_all_campaigns":false,"_monsterinsights_skip_tracking":false,"_monsterinsights_sitenote_active":false,"_monsterinsights_sitenote_note":"","_monsterinsights_sitenote_category":0,"footnotes":""},"class_list":["post-2726","page","type-page","status-publish","entry"],"acf":[],"aioseo_notices":[],"_links":{"self":[{"href":"https:\/\/www.granduniverselaresidenza.com\/it\/wp-json\/wp\/v2\/pages\/2726","targetHints":{"allow":["GET"]}}],"collection":[{"href":"https:\/\/www.granduniverselaresidenza.com\/it\/wp-json\/wp\/v2\/pages"}],"about":[{"href":"https:\/\/www.granduniverselaresidenza.com\/it\/wp-json\/wp\/v2\/types\/page"}],"author":[{"embeddable":true,"href":"https:\/\/www.granduniverselaresidenza.com\/it\/wp-json\/wp\/v2\/users\/1"}],"replies":[{"embeddable":true,"href":"https:\/\/www.granduniverselaresidenza.com\/it\/wp-json\/wp\/v2\/comments?post=2726"}],"version-history":[{"count":0,"href":"https:\/\/www.granduniverselaresidenza.com\/it\/wp-json\/wp\/v2\/pages\/2726\/revisions"}],"wp:attachment":[{"href":"https:\/\/www.granduniverselaresidenza.com\/it\/wp-json\/wp\/v2\/media?parent=2726"}],"curies":[{"name":"wp","href":"https:\/\/api.w.org\/{rel}","templated":true}]}}