{"id":1627,"date":"2019-06-06T16:27:41","date_gmt":"2019-06-06T23:27:41","guid":{"rendered":"https:\/\/sales.vdigitalservices.com\/dev-shell-vc\/?page_id=1627"},"modified":"2024-04-25T19:56:54","modified_gmt":"2024-04-25T17:56:54","slug":"accessibility","status":"publish","type":"page","link":"https:\/\/www.granduniverselaresidenza.com\/it\/accessibility\/","title":{"rendered":"Accessibilit\u00e0"},"content":{"rendered":"<div class=\"wpb-content-wrapper\"><div class=\"vc_row wpb_row\"><div class=\"container\"><div class=\"wpb_column vc_column_container vc_col-sm-12\"><div class=\"vc_column-inner\"><div class=\"wpb_wrapper\">\n\t<div class=\"wpb_text_column wpb_content_element  mb0\" >\n\t\t<div class=\"wpb_wrapper\">\n\t\t\t<p>L'accessibilit\u00e0 del sito web \u00e8 un impegno costante e stiamo adottando misure per migliorare ulteriormente l'accessibilit\u00e0 del sito.\nGrand Universe La Residenza. Se avete difficolt\u00e0 a utilizzare o ad accedere a qualsiasi elemento di questo sito web, contattateci attraverso il nostro modulo di contatto sul nostro sito web, telefonate o e-mail e lavoreremo con voi per fornirvi le informazioni, gli articoli o le transazioni che cercate attraverso un metodo di comunicazione che sia accessibile per voi, in conformit\u00e0 con la legge applicabile.<\/p>\n<h3>IL NOSTRO IMPEGNO PER LA DIVERSIT\u00c0 E L'INCLUSIONE<\/h3>\n<p>Al\nGrand Universe La Residenza, l'accessibilit\u00e0, la diversit\u00e0 e l'inclusione sono valori importanti che riguardano tutto ci\u00f2 che facciamo. Che utilizziate uno screen reader, un software di riconoscimento vocale o un altro tipo di tecnologia assistiva, vogliamo essere accessibili e facili da navigare.<\/p>\n<h4>REALIZZARE GLI OBIETTIVI DI ACCESSIBILIT\u00c0<\/h4>\n<p>Abbiamo fissato i nostri standard di accessibilit\u00e0 al web e stiamo lavorando per raggiungerli. Il nostro team si impegna a garantire che il nostro sito soddisfi tutte le leggi e le linee guida e crei un'esperienza usabile per tutti i clienti.<\/p>\n<h4>COME IL NOSTRO SITO \u00c8 CAMBIATO E STA CAMBIANDO:<\/h4>\n<p>Ecco alcune delle cose che abbiamo fatto e continuiamo a fare per rendere il nostro sito facile da usare per tutti:<\/p>\n<h5>MIGLIORARE LA STRUTTURA DEL SITO<\/h5>\n<p>Stiamo lavorando per modificare le pagine in modo da includere intestazioni, elenchi, paragrafi e altre formattazioni appropriate per una migliore fruibilit\u00e0 con le tecnologie assistive.<\/p>\n<h5>AGGIUNTA DI EQUIVALENTI DI TESTO<\/h5>\n<p>Stiamo aggiungendo testi alternativi, didascalie e trascrizioni a immagini e video, in modo che gli utenti che non possono vedere o sentire abbiano un testo equivalente con cui interagire.<\/p>\n<h5>EDIFICIO PER L'ACCESSO COMPLETO ALLA TASTIERA<\/h5>\n<p>Stiamo sviluppando le nuove pagine tenendo conto dell'accessibilit\u00e0 della tastiera, in modo che gli utenti possano facilmente sfogliare una pagina per trovare il contenuto di cui hanno bisogno.<\/p>\n<h5>CREARE COERENZA NEL SITO<\/h5>\n<p>Stiamo creando dei modelli per il nostro sito per garantire la coerenza. Una volta che avrete familiarizzato con il funzionamento delle nostre pagine e dei nostri menu, potrete aspettarvi funzionalit\u00e0 simili in tutto il sito, a ogni visita.<\/p>\n<p>La visita al nostro sito web implica l'accettazione esplicita della presente dichiarazione di accessibilit\u00e0, della politica sui cookie, dei termini di servizio e della politica sulla privacy descritta sul nostro sito web.<\/p>\n<p>Utilizzando questo sito web, l'utente accetta che\nGrand Universe La Residenza non sar\u00e0 responsabile di eventuali reclami relativi a difficolt\u00e0 di accessibilit\u00e0. Utilizzando questo sito web riconoscete che prendiamo sul serio le questioni relative all'accessibilit\u00e0 e lavoriamo per fornire tutte le informazioni, gli articoli, le transazioni o altro che cercate attraverso un metodo di comunicazione che sia accessibile per voi, in conformit\u00e0 con la legge applicabile. In caso di difficolt\u00e0 nell'utilizzo o nell'accesso a qualsiasi elemento di questo sito web, vi invitiamo a contattarci attraverso il modulo di contatto presente sul nostro sito web, a telefonarci al numero <a href=\"tel: 39-0583-400-599\">\n+39-0583-400-599<\/a> o inviateci un'e-mail all'indirizzo <a href=\"mailto:info@granduniverselaresidenza.com\">\ninfo@granduniverselaresidenza.com<\/a>e noi collaboreremo con voi per fornirvi le informazioni, gli articoli o le transazioni che cercate attraverso un metodo di comunicazione accessibile per voi, in conformit\u00e0 con la legge applicabile.<\/p>\n<p>Se non riuscite ad accedere a un'informazione o a un elemento del nostro sito web, chiamateci al numero <a href=\"tel: 39-0583-400-599\">\n+39-0583-400-599<\/a> o inviateci un'e-mail all'indirizzo <a href=\"mailto:info@granduniverselaresidenza.com\">\ninfo@granduniverselaresidenza.com<\/a> per l'assistenza.<\/p>\n\n\t\t<\/div>\n\t<\/div>\n<\/div><\/div><\/div><\/div><\/div>\n<\/div>","protected":false},"excerpt":{"rendered":"L'accessibilit\u00e0 del sito web \u00e8 un impegno costante e stiamo adottando misure per migliorare ulteriormente l'accessibilit\u00e0 del Grand Universe La Residenza. Se avete difficolt\u00e0 a utilizzare o ad accedere a qualsiasi elemento di questo sito web, contattateci attraverso il modulo di contatto sul nostro sito web, telefonate o inviate un'e-mail e lavoreremo con voi... <a class=\"more-link\" href=\"https:\/\/www.granduniverselaresidenza.com\/it\/accessibility\/\">Continua a leggere <span class=\"screen-reader-text\">Accessibilit\u00e0<\/span><\/a>","protected":false},"author":1,"featured_media":0,"parent":0,"menu_order":0,"comment_status":"closed","ping_status":"closed","template":"","meta":{"_acf_changed":false,"om_disable_all_campaigns":false,"_monsterinsights_skip_tracking":false,"_monsterinsights_sitenote_active":false,"_monsterinsights_sitenote_note":"","_monsterinsights_sitenote_category":0,"footnotes":""},"class_list":["post-1627","page","type-page","status-publish","entry"],"acf":[],"aioseo_notices":[],"_links":{"self":[{"href":"https:\/\/www.granduniverselaresidenza.com\/it\/wp-json\/wp\/v2\/pages\/1627","targetHints":{"allow":["GET"]}}],"collection":[{"href":"https:\/\/www.granduniverselaresidenza.com\/it\/wp-json\/wp\/v2\/pages"}],"about":[{"href":"https:\/\/www.granduniverselaresidenza.com\/it\/wp-json\/wp\/v2\/types\/page"}],"author":[{"embeddable":true,"href":"https:\/\/www.granduniverselaresidenza.com\/it\/wp-json\/wp\/v2\/users\/1"}],"replies":[{"embeddable":true,"href":"https:\/\/www.granduniverselaresidenza.com\/it\/wp-json\/wp\/v2\/comments?post=1627"}],"version-history":[{"count":0,"href":"https:\/\/www.granduniverselaresidenza.com\/it\/wp-json\/wp\/v2\/pages\/1627\/revisions"}],"wp:attachment":[{"href":"https:\/\/www.granduniverselaresidenza.com\/it\/wp-json\/wp\/v2\/media?parent=1627"}],"curies":[{"name":"wp","href":"https:\/\/api.w.org\/{rel}","templated":true}]}}